{"id":5389,"date":"2021-08-17T12:25:02","date_gmt":"2021-08-17T12:25:02","guid":{"rendered":"https:\/\/erste-foundation.byinfinum.co\/?page_id=5389"},"modified":"2022-04-21T14:55:30","modified_gmt":"2022-04-21T14:55:30","slug":"kontakt","status":"publish","type":"page","link":"https:\/\/tippingpoint.net\/de\/kontakt\/","title":{"rendered":"Kontakt"},"content":{"rendered":"<div\n\tclass=\"wrapper  wrapper__bg-color--transparent wrapper__spacing-top-large--20 wrapper__spacing-bottom-large--30\" \n\t>\n\n\t\n\t\t\t<div class=\"wrapper__container wrapper__container-width-large--default wrapper__gutter-large--default\">\n\t\t\t<div class=\"wrapper__inner wrapper__width-large--12\">\n\t\t\t\t<h1 class=\"heading heading__color--primary heading__size--biggest heading__align--left heading__font--primary block-heading__heading\">\n\tKontakt<\/h1>\t\t\t<\/div>\n\t\t<\/div>\n\t<\/div>\n\n\n<div\n\tclass=\"wrapper  wrapper__bg-color--transparent  wrapper__spacing-bottom-large--10\" \n\t>\n\n\t\n\t\t\t<div class=\"wrapper__container wrapper__container-width-large--default wrapper__gutter-large--default\">\n\t\t\t<div class=\"wrapper__inner wrapper__width-large--12\">\n\t\t\t\t<h2 class=\"heading heading__color--primary heading__size--default heading__align--left heading__font--primary block-heading__heading\">\n\tKontaktinformationen<\/h2>\t\t\t<\/div>\n\t\t<\/div>\n\t<\/div>\n\n\n<div\n\tclass=\"wrapper  wrapper__bg-color--transparent  wrapper__spacing-bottom-large--10\" \n\t>\n\n\t\n\t\t\t<div class=\"wrapper__container wrapper__container-width-large--default wrapper__gutter-large--default\">\n\t\t\t<div class=\"wrapper__inner wrapper__width-large--12\">\n\t\t\t\t<p class=\"paragraph paragraph__color--secondary paragraph__size--medium paragraph__align--left paragraph__font--primary paragraph__font-weight--normal block-paragraph__paragraph\">\n\tTipping Point.<br>c\/o ERSTE Stiftung<br>Am Belvedere 1 <br>1100 Wien<br><br>T: +43 664 818 47 70<br>M: desk[at]tippingpoint.net<\/p>\t\t\t<\/div>\n\t\t<\/div>\n\t<\/div>\n\n\n<div\n\tclass=\"wrapper  wrapper__bg-color--transparent wrapper__spacing-top-large--30 wrapper__spacing-bottom-large--10\" \n\t>\n\n\t\n\t\t\t<div class=\"wrapper__container wrapper__container-width-large--default wrapper__gutter-large--default\">\n\t\t\t<div class=\"wrapper__inner wrapper__width-large--12\">\n\t\t\t\t<h2 class=\"heading heading__color--primary heading__size--default heading__align--left heading__font--primary block-heading__heading\">\n\tRedaktion<\/h2>\t\t\t<\/div>\n\t\t<\/div>\n\t<\/div>\n\n\n<div\n\tclass=\"wrapper  wrapper__bg-color--transparent  wrapper__spacing-bottom-large--10\" \n\t>\n\n\t\n\t\t\t<div class=\"wrapper__container wrapper__container-width-large--default wrapper__gutter-large--default\">\n\t\t\t<div class=\"wrapper__inner wrapper__width-large--12\">\n\t\t\t\t<p class=\"paragraph paragraph__color--secondary paragraph__size--medium paragraph__align--left paragraph__font--primary paragraph__font-weight--normal block-paragraph__paragraph\">\n\tMaribel K\u00f6niger, Chefredakteurin<br>Gerald Radinger, Stellvertretender Chefredakteur und Chef vom Dienst<br>Jovana Trifunovi\u0107, Videoredakteurin<br>Olena Levitina, Redakteurin und Social-Media-Redakteurin<\/p>\t\t\t<\/div>\n\t\t<\/div>\n\t<\/div>\n\n\n<div\n\tclass=\"wrapper  wrapper__bg-color--transparent wrapper__spacing-top-large--30 wrapper__spacing-bottom-large--10\" \n\t>\n\n\t\n\t\t\t<div class=\"wrapper__container wrapper__container-width-large--default wrapper__gutter-large--default\">\n\t\t\t<div class=\"wrapper__inner wrapper__width-large--9\">\n\t\t\t\t<h2 class=\"heading heading__color--primary heading__size--default heading__align--left heading__font--primary block-heading__heading\">\n\tIhnen gef\u00e4llt unser Magazin uns Sie m\u00f6chten mehr? <br>Oder Sie sind Journalist und Sie m\u00f6chten f\u00fcr unser Magazin schreiben?<br><\/h2>\t\t\t<\/div>\n\t\t<\/div>\n\t<\/div>\n\n\n<div\n\tclass=\"wrapper  wrapper__bg-color--transparent  wrapper__spacing-bottom-large--70\" \n\t>\n\n\t\n\t\t\t<div class=\"wrapper__container wrapper__container-width-large--default wrapper__gutter-large--default\">\n\t\t\t<div class=\"wrapper__inner wrapper__width-large--9\">\n\t\t\t\t<p class=\"paragraph paragraph__color--secondary paragraph__size--medium paragraph__align--left paragraph__font--primary paragraph__font-weight--normal block-paragraph__paragraph\">\n\tSchicken Sie uns, was Sie begeistert. Wir arbeiten gerne daran, Ihre Lieblingsreportagen oder Essays auf Deutsch und Englisch in unserem Magazin zu ver\u00f6ffentlichen.<\/p>\t\t\t<\/div>\n\t\t<\/div>\n\t<\/div>\n","protected":false},"excerpt":{"rendered":"","protected":false},"author":3,"featured_media":0,"parent":0,"menu_order":0,"comment_status":"closed","ping_status":"closed","template":"","meta":{"footnotes":""},"acf":[],"_links":{"self":[{"href":"https:\/\/tippingpoint.net\/de\/wp-json\/wp\/v2\/pages\/5389"}],"collection":[{"href":"https:\/\/tippingpoint.net\/de\/wp-json\/wp\/v2\/pages"}],"about":[{"href":"https:\/\/tippingpoint.net\/de\/wp-json\/wp\/v2\/types\/page"}],"author":[{"embeddable":true,"href":"https:\/\/tippingpoint.net\/de\/wp-json\/wp\/v2\/users\/3"}],"replies":[{"embeddable":true,"href":"https:\/\/tippingpoint.net\/de\/wp-json\/wp\/v2\/comments?post=5389"}],"version-history":[{"count":5,"href":"https:\/\/tippingpoint.net\/de\/wp-json\/wp\/v2\/pages\/5389\/revisions"}],"predecessor-version":[{"id":7638,"href":"https:\/\/tippingpoint.net\/de\/wp-json\/wp\/v2\/pages\/5389\/revisions\/7638"}],"wp:attachment":[{"href":"https:\/\/tippingpoint.net\/de\/wp-json\/wp\/v2\/media?parent=5389"}],"curies":[{"name":"wp","href":"https:\/\/api.w.org\/{rel}","templated":true}]}}